{"id":60,"date":"2017-04-20T13:51:28","date_gmt":"2017-04-20T13:51:28","guid":{"rendered":"http:\/\/www.esg.pt\/ciesg\/?page_id=60"},"modified":"2017-04-20T13:51:28","modified_gmt":"2017-04-20T13:51:28","slug":"bolsadeinvestigacao","status":"publish","type":"page","link":"https:\/\/www.esg.pt\/ciesg\/bolsadeinvestigacao\/","title":{"rendered":"Bolsa de Investiga\u00e7\u00e3o"},"content":{"rendered":"<p>Edital para a atribui\u00e7\u00e3o de 1 bolsa de investiga\u00e7\u00e3o no \u00e2mbito de projetos de I&amp;D[BI\/01\/2014 | SEISMIC-V | CI-ESG]<a href=\"http:\/\/www.esg.pt\/ciesg\/assets\/uploads\/2017\/04\/seismic-v_resumo_port.pdf\">Download do Resumo do projeto de investiga\u00e7\u00e3o em PDF<\/a><a href=\"http:\/\/www.esg.pt\/ciesg\/assets\/uploads\/2017\/04\/seismic-v_abstract_eng.pdf\">Download the research project Abstract as a PDF<\/a>Encontra-se aberto concurso para a atribui\u00e7\u00e3o de uma <strong>BOLSA DE INVESTIGA\u00c7\u00c3O<\/strong> no \u00e2mbito do projeto de I&amp;D <em>\u201cSEISMIC-V: Cultura Sismo-Resistente Vern\u00e1cula em Portugal\u201d<\/em> (PTDC\/ATP-AQI\/3934\/2012), financiado por fundos nacionais atrav\u00e9s da FCT\/MCTES (PIDDAC) e cofinanciado pelo Fundo Europeu de Desenvolvimento Regional (FEDER) atrav\u00e9s do COMPETE \u2013 Programa Operacional Fatores de Competitividade (POFC). Este projeto de investiga\u00e7\u00e3o \u00e9 desenvolvido pela Escola Superior Gallaecia, em parceria com os Departamentos de Engenharia, da Universidade de Aveiro e da Universidade do Minho, nas seguintes condi\u00e7\u00f5es:<strong>\u00c1REA CIENT\u00cdFICA GEN\u00c9RICA<\/strong>Ambiente, Territ\u00f3rio e Popula\u00e7\u00e3o &#8211; Estudos Urbanos e Regionais<strong>\u00c1REA CIENT\u00cdFICA ESPEC\u00cdFICA<\/strong>Arquitetura e Urbanismo<strong>REQUISITOS DE ADMISS\u00c3O<\/strong>Ser Mestre em Arquitetura e Urbanismo. D\u00e1-se prefer\u00eancia a candidatos com: a) publica\u00e7\u00f5es na \u00e1rea de investiga\u00e7\u00e3o &#8211; Arquitetura Vern\u00e1cula; b) Dom\u00ednio de t\u00e9cnicas e m\u00e9todos de representa\u00e7\u00e3o e caracteriza\u00e7\u00e3o de tipologias e sistemas de constru\u00e7\u00e3o tradicionais; c) Experi\u00eancia em atividades cient\u00edficas (projetos, publica\u00e7\u00f5es, confer\u00eancias ou semin\u00e1rios); d) Inscri\u00e7\u00e3o em Doutoramento; e) dom\u00ednio de programas inform\u00e1ticos de desenho, de modela\u00e7\u00e3o num\u00e9rica e estudo param\u00e9trico e, preferencialmente, de programas inform\u00e1ticos como ArchGIS e ArchView2011; f) flu\u00eancia escrita em portugu\u00eas e em ingl\u00eas; g) disponibilidade para mobilidade ao abrigo das miss\u00f5es previstas.<strong>PLANO DE TRABALHOS:<\/strong>1. Apoio e participa\u00e7\u00e3o nas v\u00e1rias tarefas e etapas previstas no projeto, nomeadamente no desenvolvimento de an\u00e1lise e sistematiza\u00e7\u00e3o de informa\u00e7\u00e3o recolhida; 2. Inser\u00e7\u00e3o de dados, utilizando programas inform\u00e1ticos para a elabora\u00e7\u00e3o do Atlas Digital da Cultura S\u00edsmica Vern\u00e1cula; 3. Apoio na elabora\u00e7\u00e3o de booklets gr\u00e1ficos de recomenda\u00e7\u00f5es, que contribuir\u00e3o para a consciencializa\u00e7\u00e3o das comunidades locais e dos agentes t\u00e9cnicos municipais, no respeitante \u00e0 cultura s\u00edsmica local; 4. Participa\u00e7\u00e3o em miss\u00f5es e dissemina\u00e7\u00e3o de resultados.<strong>LEGISLA\u00c7\u00c3O E REGULAMENTA\u00c7\u00c3O APLIC\u00c1VEL<\/strong>Lei n\u00ba40\/2004, de 18 de Agosto (Estatuto do Bolseiro de Investiga\u00e7\u00e3o Cient\u00edfica); alterada e republicada pelo Decreto-Lei n\u00ba 202\/2012, de 27 de agosto e atualizado com o Decreto-Lei n\u00ba233\/2012, de 29 de outubro, com entrada em vigor a 27 de agosto e com a Lei n\u00ba 12\/2013, de 29 de janeiro; Regulamento da Forma\u00e7\u00e3o Avan\u00e7ada e Qualifica\u00e7\u00e3o de Recursos Humanos 2012 (<a href=\"http:\/\/www.fct.pt\/apoios\/bolsas\/regulamento.html.pt\">http:\/\/www.fct.pt\/apoios\/bolsas\/regulamento.html.pt<\/a>) e Regulamento de Bolsas de Investiga\u00e7\u00e3o Cient\u00edfica da Escola Superior Gallaecia.<strong>LOCAL DE TRABALHO<\/strong>O trabalho ser\u00e1 desenvolvido no CI-ESG\/ Centro de Investiga\u00e7\u00e3o da Escola Superior Gallaecia, em Vila Nova de Cerveira, sob a orienta\u00e7\u00e3o cient\u00edfica da Professora Doutora Mariana Correia.<strong>DURA\u00c7\u00c3O DA BOLSA<\/strong>A bolsa ter\u00e1 o per\u00edodo de dura\u00e7\u00e3o de 9 meses, com possibilidade de renova\u00e7\u00e3o at\u00e9 12 meses. O contrato da bolsa ser\u00e1 a tempo integral, com in\u00edcio previsto a 1 de Agosto de 2014.<strong>VALOR DO SUBS\u00cdDIO DE MANUTEN\u00c7\u00c3O MENSAL<\/strong>O montante da bolsa corresponde a \u20ac980,00, conforme tabela de valores das bolsas atribu\u00eddas diretamente pela FCT, I.P. no Pa\u00eds (<a href=\"http:\/\/alfa.fct.mctes.pt\/apoios\/bolsas\/valores\">http:\/\/alfa.fct.mctes.pt\/apoios\/bolsas\/valores<\/a>). A periodicidade de pagamento da bolsa \u00e9 mensal e realiza-se atrav\u00e9s de transfer\u00eancia banc\u00e1ria.<strong>M\u00c9TODOS DE SELE\u00c7\u00c3O<\/strong>Os m\u00e9todos de sele\u00e7\u00e3o a utilizar ser\u00e3o os seguintes: Curr\u00edculo Acad\u00e9mico (percentagem de afeta\u00e7\u00e3o: 30%); e Curr\u00edculo Cient\u00edfico (Projetos de investiga\u00e7\u00e3o, Publica\u00e7\u00f5es, Confer\u00eancias ou Semin\u00e1rios &#8211; percentagem de afeta\u00e7\u00e3o: 70%). Haver\u00e1 entrevista aos candidatos selecionados, caso haja pontua\u00e7\u00e3o semelhante entre candidatos.<strong>CRIT\u00c9RIOS DE SELE\u00c7\u00c3O E SERIA\u00c7\u00c3O<\/strong>fundamentam-se na: a) Experi\u00eancia de investiga\u00e7\u00e3o adequada ao projeto; b) Publica\u00e7\u00e3o cient\u00edfica na \u00e1rea de investiga\u00e7\u00e3o; c) Participa\u00e7\u00e3o em projetos de investiga\u00e7\u00e3o; d) Experi\u00eancia de trabalho em equipa (em projetos de investiga\u00e7\u00e3o e\/ou publica\u00e7\u00f5es); e) Publica\u00e7\u00e3o de artigos em portugu\u00eas e em ingl\u00eas; f) Compet\u00eancia para recolher e sistematizar a informa\u00e7\u00e3o; g) Capacidade de s\u00edntese e de objetividade.<strong>COMPOSI\u00c7\u00c3O DO J\u00daRI DE SELE\u00c7\u00c3O<\/strong>Professor Doutor Gilberto Carlos, Coordenador da Linha de Investiga\u00e7\u00e3o de Arquitetura e Patrim\u00f3nio do Centro de Investiga\u00e7\u00e3o da ESG (Presidente do J\u00fari);Professor Doutor David Leite Viana, Diretor do Mestrado Integrado em Arquitetura e Urbanismo;Professora Doutora Goreti Sousa, Investigadora Residente do Centro de Investiga\u00e7\u00e3o da ESG.<strong>PRAZO DE CANDIDATURAS<\/strong>O concurso encontra-se aberto no per\u00edodo de 1 de Julho a 16 de Julho de 2014. As candidaturas devem ser enviadas digitalmente para o correio eletr\u00f3nico: <a href=\"mailto:direccao@esg.pt\">direccao@esg.pt<\/a>.<strong>APRESENTA\u00c7\u00c3O DE CANDIDATURAS<\/strong>As candidaturas devem ser formalizadas, obrigatoriamente atrav\u00e9s de: &#8211; Envio de carta de motiva\u00e7\u00e3o, com indica\u00e7\u00e3o dos objetivos da candidatura. Na carta deve constar em assunto, a refer\u00eancia da Bolsa a que se candidatam (BI\/01\/2014 &#8211; SEISMIC-V\/CI-ESG); &#8211; Curriculum Vitae do candidato; &#8211; Fotoc\u00f3pia do cart\u00e3o de cidad\u00e3o; &#8211; Documentos comprovativos de cumprimento de requisitos de candidatura, nomeadamente Certificado de Habilita\u00e7\u00f5es; &#8211; C\u00f3pia de artigos publicados ou de certificados relevantes para a candidatura; &#8211; Outros documentos considerados relevantes para a candidatura.<strong>FORMA DE PUBLICITA\u00c7\u00c3O\/ NOTIFICA\u00c7\u00c3O DOS RESULTADOS<\/strong>Os resultados finais da avalia\u00e7\u00e3o ser\u00e3o divulgados a todos os candidatos por correio electr\u00f3nico. Os candidatos ser\u00e3o notificados sobre a decis\u00e3o final do concurso via correio eletr\u00f3nico. Mais informa\u00e7\u00e3o dispon\u00edvel em <a href=\"http:\/\/esg.pt\/ciesg\/bolsadeinvestigacao\">http:\/\/esg.pt\/ciesg\/bolsadeinvestigacao<\/a>.<img loading=\"lazy\" class=\"alignnone size-full wp-image-65\" src=\"http:\/\/www.esg.pt\/ciesg\/assets\/uploads\/2017\/04\/barra_compete.png\" alt=\"\" width=\"400\" height=\"100\" srcset=\"https:\/\/esg.pt\/ciesg\/assets\/\/uploads\/2017\/04\/barra_compete.png 400w, https:\/\/esg.pt\/ciesg\/assets\/\/uploads\/2017\/04\/barra_compete-300x75.png 300w\" sizes=\"(max-width: 400px) 100vw, 400px\" \/><\/p>\n","protected":false},"excerpt":{"rendered":"<p>Edital para a atribui\u00e7\u00e3o de 1 bolsa de investiga\u00e7\u00e3o no \u00e2mbito de projetos de I&amp;D[BI\/01\/2014 | SEISMIC-V | CI-ESG]Download do Resumo do projeto de investiga\u00e7\u00e3o em PDFDownload the research project Abstract as a PDFEncontra-se aberto concurso para a atribui\u00e7\u00e3o de uma BOLSA DE INVESTIGA\u00c7\u00c3O no \u00e2mbito do projeto de I&amp;D \u201cSEISMIC-V: Cultura Sismo-Resistente Vern\u00e1cula em&hellip; <a class=\"read-more\" href=\"https:\/\/www.esg.pt\/ciesg\/bolsadeinvestigacao\/\" title=\"Read Bolsa de Investiga\u00e7\u00e3o\">Read more &raquo;<\/a><\/p>\n","protected":false},"author":1,"featured_media":0,"parent":0,"menu_order":0,"comment_status":"closed","ping_status":"closed","template":"","meta":[],"_links":{"self":[{"href":"https:\/\/www.esg.pt\/ciesg\/wp-json\/wp\/v2\/pages\/60"}],"collection":[{"href":"https:\/\/www.esg.pt\/ciesg\/wp-json\/wp\/v2\/pages"}],"about":[{"href":"https:\/\/www.esg.pt\/ciesg\/wp-json\/wp\/v2\/types\/page"}],"author":[{"embeddable":true,"href":"https:\/\/www.esg.pt\/ciesg\/wp-json\/wp\/v2\/users\/1"}],"replies":[{"embeddable":true,"href":"https:\/\/www.esg.pt\/ciesg\/wp-json\/wp\/v2\/comments?post=60"}],"version-history":[{"count":3,"href":"https:\/\/www.esg.pt\/ciesg\/wp-json\/wp\/v2\/pages\/60\/revisions"}],"predecessor-version":[{"id":66,"href":"https:\/\/www.esg.pt\/ciesg\/wp-json\/wp\/v2\/pages\/60\/revisions\/66"}],"wp:attachment":[{"href":"https:\/\/www.esg.pt\/ciesg\/wp-json\/wp\/v2\/media?parent=60"}],"curies":[{"name":"wp","href":"https:\/\/api.w.org\/{rel}","templated":true}]}}