{"id":38,"date":"2017-04-11T09:04:48","date_gmt":"2017-04-11T09:04:48","guid":{"rendered":"http:\/\/www.esg.pt\/ciesg\/?page_id=38"},"modified":"2021-04-22T08:49:25","modified_gmt":"2021-04-22T08:49:25","slug":"equipa","status":"publish","type":"page","link":"https:\/\/www.esg.pt\/ciesg\/equipa\/","title":{"rendered":"Equipa"},"content":{"rendered":"<p><strong>Directora do CI-ESG<br \/>\n<\/strong>Prof.\u00aa Doutora Mariana Correia<\/p>\n<h3>Coordenadores de \u00c1rea Cient\u00edfica<\/h3>\n<p><strong>IR De Arquitetura e Patrim\u00f3nio<br \/>\n<\/strong>Gilberto Carlos<\/p>\n<p><strong>IR de Urbanismo e Planeamento<br \/>\n<\/strong>Rui Florentino<\/p>\n<p><strong>IR de Artes, Multim\u00e9dia e Design<br \/>\n<\/strong>Dami\u00e3o Matos<\/p>\n<h3>Investigadores<\/h3>\n<p>Professora Doutora Ana Lima Pacheco<br \/>\nProfessora Doutora Adelina Garcia<br \/>\nProfessor Doutor Gilberto Carlos<br \/>\nProfessora Doutora Goreti Sousa<br \/>\nProfessor Doutor Jo\u00e3o Alberto Correia<br \/>\nProfessor Doutor Jos\u00e9 Vicente<br \/>\nProfessora Doutora M\u00f3nica Alcindor<br \/>\nProfessor Doutor Rui Florentino<br \/>\nProfessor Henrique Silva<\/p>\n<h3>Doutorandos<\/h3>\n<p>Mestre Armando Fernandes<br \/>\nMestre Carlos Pereira<br \/>\nMestre Delmira Correia<br \/>\nMestre Lu\u00eds Paulo Pacheco<br \/>\nMestre Paulo Guerreiro<br \/>\nMestre Rui Correia<br \/>\nMestre Teresa Correia<br \/>\nMargarida Le\u00e3o<br \/>\nSamuel Barbosa<br \/>\nVitor Rosas Silva<\/p>\n<p><strong>Apoio T\u00e9cnico<\/strong><br \/>\nEng. Tec. Jacob Merten<br \/>\nD.er Marco Mour\u00e3o<br \/>\nDr.\u00aa Sandra Rocha<\/p>\n","protected":false},"excerpt":{"rendered":"<p>Directora do CI-ESG Prof.\u00aa Doutora Mariana Correia Coordenadores de \u00c1rea Cient\u00edfica IR De Arquitetura e Patrim\u00f3nio Gilberto Carlos IR de Urbanismo e Planeamento Rui Florentino IR de Artes, Multim\u00e9dia e Design Dami\u00e3o Matos Investigadores Professora Doutora Ana Lima Pacheco Professora Doutora Adelina Garcia Professor Doutor Gilberto Carlos Professora Doutora Goreti Sousa Professor Doutor Jo\u00e3o Alberto&hellip; <a class=\"read-more\" href=\"https:\/\/www.esg.pt\/ciesg\/equipa\/\" title=\"Read Equipa\">Read more &raquo;<\/a><\/p>\n","protected":false},"author":1,"featured_media":0,"parent":0,"menu_order":0,"comment_status":"closed","ping_status":"closed","template":"","meta":[],"_links":{"self":[{"href":"https:\/\/www.esg.pt\/ciesg\/wp-json\/wp\/v2\/pages\/38"}],"collection":[{"href":"https:\/\/www.esg.pt\/ciesg\/wp-json\/wp\/v2\/pages"}],"about":[{"href":"https:\/\/www.esg.pt\/ciesg\/wp-json\/wp\/v2\/types\/page"}],"author":[{"embeddable":true,"href":"https:\/\/www.esg.pt\/ciesg\/wp-json\/wp\/v2\/users\/1"}],"replies":[{"embeddable":true,"href":"https:\/\/www.esg.pt\/ciesg\/wp-json\/wp\/v2\/comments?post=38"}],"version-history":[{"count":5,"href":"https:\/\/www.esg.pt\/ciesg\/wp-json\/wp\/v2\/pages\/38\/revisions"}],"predecessor-version":[{"id":409,"href":"https:\/\/www.esg.pt\/ciesg\/wp-json\/wp\/v2\/pages\/38\/revisions\/409"}],"wp:attachment":[{"href":"https:\/\/www.esg.pt\/ciesg\/wp-json\/wp\/v2\/media?parent=38"}],"curies":[{"name":"wp","href":"https:\/\/api.w.org\/{rel}","templated":true}]}}