{"id":2,"date":"2017-03-30T16:32:01","date_gmt":"2017-03-30T16:32:01","guid":{"rendered":"http:\/\/www.esg.pt\/ciesg\/?page_id=2"},"modified":"2017-12-06T09:57:35","modified_gmt":"2017-12-06T09:57:35","slug":"inicio","status":"publish","type":"page","link":"https:\/\/www.esg.pt\/ciesg\/","title":{"rendered":"In\u00edcio"},"content":{"rendered":"<h2>Investiga\u00e7\u00e3o &amp; Desenvolvimento Tecnol\u00f3gico (I&amp;DT)<\/h2>\n<p>O <strong>CENTRO DE INVESTIGA\u00c7\u00c3O ESG (Ci-ESG)<\/strong> constitui a entidade reestruturada, em 2011, a partir da fus\u00e3o dos dois anteriores organismos I&amp;DT da Escola Superior Gallaecia:<\/p>\n<ul>\n<li>CICRA \u2013 Centro de Investiga\u00e7\u00e3o de Constru\u00e7\u00f5es Rurais e Ambiente<\/li>\n<li>CIAD \u2013 Centro de Investiga\u00e7\u00e3o de Arte e Design<\/li>\n<\/ul>\n<p>O Centro de Investiga\u00e7\u00e3o de Constru\u00e7\u00e3o Rural e Ambiental (CICRA), criado em 1999 e aprovado em Conselho Cient\u00edfico em 2002, e o Centro de Investiga\u00e7\u00e3o em Arte e Design (CIAD), criado e aprovado em Conselho Cientifico em 2005, t\u00eam desenvolvido consistentemente investiga\u00e7\u00e3o cient\u00edfica, presta\u00e7\u00e3o de servi\u00e7os \u00e0 comunidade e regi\u00e3o e consultadoria, nos seus dom\u00ednios de especializa\u00e7\u00e3o.<\/p>\n<p>Para al\u00e9m de Projectos de investiga\u00e7\u00e3o integrados em programas de I&amp;D, nacionais e internacionais, o trabalho metodicamente desenvolvido tem abrangido igualmente conte\u00fados das unidades curriculares da ESG, como tamb\u00e9m Investiga\u00e7\u00f5es realizadas no \u00e2mbito de disserta\u00e7\u00f5es de Licenciatura, e finalmente Investiga\u00e7\u00e3o e publica\u00e7\u00e3o de disserta\u00e7\u00f5es de Mestrado e teses de Doutoramento de docentes da Institui\u00e7\u00e3o.<\/p>\n<p>O incremento da produ\u00e7\u00e3o cient\u00edfica da Escola, a integra\u00e7\u00e3o de novos Investigadores (alargando o espectro e especializa\u00e7\u00e3o dos dom\u00ednios cient\u00edficos) e a regular articula\u00e7\u00e3o das \u00e1reas de investiga\u00e7\u00e3o, determinou a sua reformula\u00e7\u00e3o conjunta e a consequente deriva\u00e7\u00e3o em 3 linhas de Investiga\u00e7\u00e3o <em>(Research lines)<\/em> mais definidas.<img src=\"https:\/\/esg.pt\/ciesg\/assets\/\/uploads\/2017\/12\/linhas_de_investigacao.png\" alt=\"Linhas de Investiga&#xE7;&#xE3;o do Ci-ESG\" class=\"  img-responsive\">\n","protected":false},"excerpt":{"rendered":"<p>Investiga\u00e7\u00e3o &amp; Desenvolvimento Tecnol\u00f3gico (I&amp;DT) O CENTRO DE INVESTIGA\u00c7\u00c3O ESG (Ci-ESG) constitui a entidade reestruturada, em 2011, a partir da fus\u00e3o dos dois anteriores organismos I&amp;DT da Escola Superior Gallaecia: CICRA \u2013 Centro de Investiga\u00e7\u00e3o de Constru\u00e7\u00f5es Rurais e Ambiente CIAD \u2013 Centro de Investiga\u00e7\u00e3o de Arte e Design O Centro de Investiga\u00e7\u00e3o de Constru\u00e7\u00e3o&hellip; <a class=\"read-more\" href=\"https:\/\/www.esg.pt\/ciesg\/\" title=\"Read In\u00edcio\">Read more &raquo;<\/a><\/p>\n","protected":false},"author":1,"featured_media":0,"parent":0,"menu_order":0,"comment_status":"closed","ping_status":"open","template":"","meta":[],"_links":{"self":[{"href":"https:\/\/www.esg.pt\/ciesg\/wp-json\/wp\/v2\/pages\/2"}],"collection":[{"href":"https:\/\/www.esg.pt\/ciesg\/wp-json\/wp\/v2\/pages"}],"about":[{"href":"https:\/\/www.esg.pt\/ciesg\/wp-json\/wp\/v2\/types\/page"}],"author":[{"embeddable":true,"href":"https:\/\/www.esg.pt\/ciesg\/wp-json\/wp\/v2\/users\/1"}],"replies":[{"embeddable":true,"href":"https:\/\/www.esg.pt\/ciesg\/wp-json\/wp\/v2\/comments?post=2"}],"version-history":[{"count":11,"href":"https:\/\/www.esg.pt\/ciesg\/wp-json\/wp\/v2\/pages\/2\/revisions"}],"predecessor-version":[{"id":352,"href":"https:\/\/www.esg.pt\/ciesg\/wp-json\/wp\/v2\/pages\/2\/revisions\/352"}],"wp:attachment":[{"href":"https:\/\/www.esg.pt\/ciesg\/wp-json\/wp\/v2\/media?parent=2"}],"curies":[{"name":"wp","href":"https:\/\/api.w.org\/{rel}","templated":true}]}}