{"id":174,"date":"2017-04-21T16:31:26","date_gmt":"2017-04-21T16:31:26","guid":{"rendered":"http:\/\/www.esg.pt\/ciesg\/?page_id=174"},"modified":"2017-04-21T16:31:26","modified_gmt":"2017-04-21T16:31:26","slug":"eventos","status":"publish","type":"page","link":"https:\/\/www.esg.pt\/ciesg\/eventos\/","title":{"rendered":"Eventos"},"content":{"rendered":"<h2>Organiza\u00e7\u00e3o de Eventos Cient\u00edficos (Organization of Scientific Events)<\/h2>\n<p>Coordena\u00e7\u00e3o geral dos Semin\u00e1rios ATP &#8211; Arquitectura de Terra em Portugal:<\/p>\n<ul>\n<li>1\u00ba ATP &#8211; Lisboa, Portugal<\/li>\n<li>2\u00ba ATP &#8211; Lisboa, Portugal<\/li>\n<li>3\u00ba ATP | 4\u00ba SIACOT &#8211; Monsaraz, Portugal<\/li>\n<li>4\u00ba ATP &#8211; Minas Gerais, Brasil<\/li>\n<li>5\u00ba ATP &#8211; Aveiro, Portugal<\/li>\n<li>6\u00ba ATP | 9\u00ba SIACOT &#8211; Coimbra, Portugal<\/li>\n<li>7\u00ba ATP | CIAV 2013 &#8211; Vila Nova de Cerveira, Portugal<\/li>\n<\/ul>\n","protected":false},"excerpt":{"rendered":"<p>Organiza\u00e7\u00e3o de Eventos Cient\u00edficos (Organization of Scientific Events) Coordena\u00e7\u00e3o geral dos Semin\u00e1rios ATP &#8211; Arquitectura de Terra em Portugal: 1\u00ba ATP &#8211; Lisboa, Portugal 2\u00ba ATP &#8211; Lisboa, Portugal 3\u00ba ATP | 4\u00ba SIACOT &#8211; Monsaraz, Portugal 4\u00ba ATP &#8211; Minas Gerais, Brasil 5\u00ba ATP &#8211; Aveiro, Portugal 6\u00ba ATP | 9\u00ba SIACOT &#8211; Coimbra,&hellip; <a class=\"read-more\" href=\"https:\/\/www.esg.pt\/ciesg\/eventos\/\" title=\"Read Eventos\">Read more &raquo;<\/a><\/p>\n","protected":false},"author":1,"featured_media":0,"parent":0,"menu_order":0,"comment_status":"closed","ping_status":"closed","template":"","meta":[],"_links":{"self":[{"href":"https:\/\/www.esg.pt\/ciesg\/wp-json\/wp\/v2\/pages\/174"}],"collection":[{"href":"https:\/\/www.esg.pt\/ciesg\/wp-json\/wp\/v2\/pages"}],"about":[{"href":"https:\/\/www.esg.pt\/ciesg\/wp-json\/wp\/v2\/types\/page"}],"author":[{"embeddable":true,"href":"https:\/\/www.esg.pt\/ciesg\/wp-json\/wp\/v2\/users\/1"}],"replies":[{"embeddable":true,"href":"https:\/\/www.esg.pt\/ciesg\/wp-json\/wp\/v2\/comments?post=174"}],"version-history":[{"count":1,"href":"https:\/\/www.esg.pt\/ciesg\/wp-json\/wp\/v2\/pages\/174\/revisions"}],"predecessor-version":[{"id":175,"href":"https:\/\/www.esg.pt\/ciesg\/wp-json\/wp\/v2\/pages\/174\/revisions\/175"}],"wp:attachment":[{"href":"https:\/\/www.esg.pt\/ciesg\/wp-json\/wp\/v2\/media?parent=174"}],"curies":[{"name":"wp","href":"https:\/\/api.w.org\/{rel}","templated":true}]}}