{"id":14,"date":"2017-04-05T10:18:50","date_gmt":"2017-04-05T10:18:50","guid":{"rendered":"http:\/\/www.esg.pt\/ciesg\/?page_id=14"},"modified":"2018-11-02T17:00:54","modified_gmt":"2018-11-02T17:00:54","slug":"artes-multimedia-e-design","status":"publish","type":"page","link":"https:\/\/www.esg.pt\/ciesg\/artes-multimedia-e-design\/","title":{"rendered":"Artes, Multim\u00e9dia e Design"},"content":{"rendered":"<p>IR: Dami\u00e3o Matos<br \/>\n<div class=\"row\">\n<div class=\"col-md-6\">\nA linha de investiga\u00e7\u00e3o compreende a produ\u00e7\u00e3o art\u00edstica e cient\u00edfica assente na interliga\u00e7\u00e3o entre a arte contempor\u00e2nea, o design e a evolu\u00e7\u00e3o digital e tecnol\u00f3gica.<\/p>\n<p>Numa rela\u00e7\u00e3o direta com as \u00e1reas cient\u00edficas\/ plano de estudos do curso de Artes Pl\u00e1sticas e Multim\u00e9dia, o Ci-ESG conjuga a pr\u00e1tica art\u00edstica com a investiga\u00e7\u00e3o cient\u00edfica, numa abordagem transdisciplinar, com principal foco na cria\u00e7\u00e3o art\u00edstica (nas suas diferentes \u00e1reas) e na sua (re) materializa\u00e7\u00e3o digital\/tecnol\u00f3gica, como nas est\u00e9ticas da\u00ed resultantes.<\/p>\n<\/div>\n<div class=\"col-md-6\">\n<h3>Campos de Estudo \/ Fields of Study<\/h3>\n<ul>\n<li>Novas Tecnologias<\/li>\n<li>Tipografia e Sinal\u00e9tica<\/li>\n<li>Ecodesign<\/li>\n<li>Instala\u00e7\u00f5es e Multim\u00e9dia<\/li>\n<\/ul>\n<h3>Projetos<\/h3>\n<ul>\n<li><a href=\"https:\/\/www.esg.pt\/3dpast\/\">3D Past, Living &amp; virtual visiting European World Heritage<\/a><\/li>\n<li><a href=\"https:\/\/www.esg.pt\/ciesg\/tempus-3d\/\">Tempus 3D<\/a><\/li>\n<\/ul>\n<\/div>\n<\/div>\n<!--\n\n\n<h1><a name=\"artigos\"><\/a>Artigos, Cap\u00edtulos e Comunica\u00e7\u00f5es Cient\u00edficas<\/h1>\n\n\n<strong>Artigos<\/strong>\n\n<strong>Le\u00e3o, M. <\/strong>(2015). <a href=\"pdf\/dialogos_com_a_arte_nr._4_-pag.135.pdf\">The memory in the construction of a route of art... The lived and the living: reflection on time, space and image.<\/a> <em>Di\u00e1logos com a arte revista de arte, cultura e educa\u00e7\u00e3o<\/em>. 4, 135-152\n\nSalvador, C.;<strong> Vicente,<\/strong> J.; Martins, J. P. (2014) <em>Ergonomics in Children\u00b4s Furniture \u2013 Emotional Attachment<\/em>; In Proceedings of the 5th International Conference on Applied Human Factors and Ergonomics AHFE 2014, Krak\u00f3w, Poland\n\nAlves, D.;<strong> Pacheco, L.<\/strong>; <strong>Vicente, J.<\/strong>; <strong>Sousa, G.<\/strong> (2013)<em> Vernacular living as a model for innovation and sustainability: The wood furniture of Minho region<\/em>; In Vernacular Heritage and Earthen Architecture: Contributions for Sustainable Development; London: Taylor and Francis Group.\n\n<strong>Le\u00e3o, M.<\/strong> (2013). Apropria\u00e7\u00e3o de segmentos da arte visual por parte dos criativos de v\u00eddeo. <em><a href=\"pdf\/apropriacao_de_segmentos_da_arte_visual.pdf\">Di\u00e1logos com a arte revista de arte, cultura e educa\u00e7\u00e3o<\/a>.<\/em>3, 128-131\n\n<strong>Costa, M. G. <\/strong>, Ribeiro, M. J., Labrincha, J. A. (2013). Valorizac?a?o de resi?duos industriais na formulac?a?o de pigmentos cera?micos castanhos de estrutura espine?lica. <em><a href=\"pdf\/valorizacao_de_residuos_industriais_na_formulacao_de_pigmentos_ceramicos.pdf\">10\u00aa Confer\u00eancia Nacional do Ambiente\/XII Congresso Nacional do Ambiente<\/a>, II<\/em>, 328-333\n\n<strong>Vicente, J.<\/strong>, FRAZ\u00c3O, R, SILVA, F. M. (2012). The Evolution of Design with Concerns on Sustainability. <a href=\"http:\/\/convergencias.esart.ipcb.pt\/artigo\/124\">Revista Converg\u00eancias, 10: 124.<\/a>\n\n<strong>Silva, H<\/strong>. (2011). \"Fazer Falar a Pintura\" in As Sociedades. Porto: Universidade do Porto.\n\n<strong>Valbom, L.<\/strong> (ed.) (2010). Proceedings de ARTECH 2010 - 5th International Conference on Digital Arts, 22 &amp; 23 April, 2010 \u2013 Guimar\u00e3es ISBN: 978-989-96163.6\n\n<strong>Comunica\u00e7\u00f5es<\/strong>\n\nAlves, D.; <strong>Pacheco, L.; Vicente, J.; Sousa, G.<\/strong> (2013) <em>Vernacular living as a model for innovation and sustainability: The wood furniture of Minho region\u201d<\/em>, In Confer\u00eancia Internacional de Patrim\u00f3nio Vern\u00e1culo e Arquitectura de Terra CIAV2013 | 7\u00ba ATP | VerSus, 16 a 20 Outubro 2013, Vila Nova de Cerveira, Portugal.\n\n<strong>Vicente, J.<\/strong> (2011) Sustainability: Does design matter?, In InEDIC -Innovation and Ecodesign in the Ceramic Industry - Final Conference. 12 de Outubro de 2011, Lisboa\n\n<strong>Bacelar, J.,<\/strong> \u201cA Letra, a Tipografia e outras coisas em redor \u201c, Ciclo de confer\u00eancias promovido pela Escola Superior Gallaecia: Vila Nova de Cerveira. Novembro 2007\n(v\u00eddeo dispon\u00edvel em <a href=\"http:\/\/www.youtube.com\/profile?user=EscSupGallaecia\">youtube.com\/EscSupGallaecia<\/a>)\n\n<strong>Costa,<\/strong> Gracia; RIBEIRO, M.; LABRINCHA J.; \"Res\u00edduos Industriais Valorizados como Pigmentos para a Ind\u00fastria Cer\u00e2mica\", inserida na sess\u00e3o 5 tema: Reciclagem no Sector dos Res\u00edduos: Inova\u00e7\u00e3o e Tend\u00eancias; 7as Jornadas T\u00e9cnicas Internacionais de Res\u00edduos\/Energia dos Res\u00edduos, da APESB; ISEP, Porto, 25 de Outubro de 2011.\n\n<strong>Valbom, L. <\/strong>(2012). Designing multi-display VR Systems from bits to bolt. In <em>Conference IEEE Virtual Reality 2012<\/em>, em 4-8 March, Orange County, CA, USA.\n\n<strong>Valbom, L.<\/strong> (2011). \"Processos Digitais na Composi\u00e7\u00e3o de Bandas Sonoras para Video Arte\u201d in <em>Simp\u00f3sio de Novas Tecnologias nas Artes<\/em>; Escola Superior Gallaecia, Vila Nova de Cerveira, em 23-24 de Setembro de 2011.\n\n<strong>Valbom, L.<\/strong> (2010). Bandas sonoras em Video Arte in <em>GEAR Up Festival<\/em>. Sound &amp; Interactive Media, Covilh\u00e3, de 7-12 de Abril, 2010\n\n<strong>Capitulos<\/strong>\n\n<strong>Valbom, L.<\/strong> (2012). 'Audio in Immersive Environments' in Designing multi-display VR Systems from bits to bolt, Abington, UK: AK Petters. (in press)\n\n<a class=\"up\" href=\"#\">Voltar ao topo<\/a>\n\n\n<div class=\"line\"><\/div>\n\n\n\n\n<h1><a name=\"eventos\"><\/a>Organiza\u00e7\u00e3o de Eventos Cient\u00edficos (Organization of Scientific Events)<\/h1>\n\n\nGuimarMUS 2012 - Congresso Musical de Guimar\u00e3es, 23, 24, 25 de Mar\u00e7o 2012 \u2014 Comiss\u00e3o Organizadora e Comiss\u00e3o Cient\u00edfica\n\nSimp\u00f3sio de Novas Tecnologias nas Artes; Vila Nova de Cerveira: Escola Superior Gallaecia, em 23-24 de Setembro de 2011\n\n<a class=\"up\" href=\"#\">Voltar ao topo<\/a>\n\n\n<div class=\"line\"><\/div>\n\n\n\n\n<h1><a name=\"redes\"><\/a>Redes e Alcance Exterior (Network and Outreach)<\/h1>\n\n\n<strong><a href=\"http:\/\/www.biomimicryiberia.com\">Biomimicry Iberia<\/a><\/strong> - Rede Iberica de Especialistas em Biomimetismo\n\n<strong><a href=\"http:\/\/www.prepare-net.com\">Prepare<\/a><\/strong> - Rede Europeia de Especialistas em Produ\u00e7\u00e3o e Consumo Sustent\u00e1vel --><\/p>\n","protected":false},"excerpt":{"rendered":"<p>IR: Dami\u00e3o Matos<\/p>\n","protected":false},"author":1,"featured_media":0,"parent":0,"menu_order":0,"comment_status":"closed","ping_status":"closed","template":"","meta":[],"_links":{"self":[{"href":"https:\/\/www.esg.pt\/ciesg\/wp-json\/wp\/v2\/pages\/14"}],"collection":[{"href":"https:\/\/www.esg.pt\/ciesg\/wp-json\/wp\/v2\/pages"}],"about":[{"href":"https:\/\/www.esg.pt\/ciesg\/wp-json\/wp\/v2\/types\/page"}],"author":[{"embeddable":true,"href":"https:\/\/www.esg.pt\/ciesg\/wp-json\/wp\/v2\/users\/1"}],"replies":[{"embeddable":true,"href":"https:\/\/www.esg.pt\/ciesg\/wp-json\/wp\/v2\/comments?post=14"}],"version-history":[{"count":12,"href":"https:\/\/www.esg.pt\/ciesg\/wp-json\/wp\/v2\/pages\/14\/revisions"}],"predecessor-version":[{"id":397,"href":"https:\/\/www.esg.pt\/ciesg\/wp-json\/wp\/v2\/pages\/14\/revisions\/397"}],"wp:attachment":[{"href":"https:\/\/www.esg.pt\/ciesg\/wp-json\/wp\/v2\/media?parent=14"}],"curies":[{"name":"wp","href":"https:\/\/api.w.org\/{rel}","templated":true}]}}