{"id":10,"date":"2017-04-05T10:17:46","date_gmt":"2017-04-05T10:17:46","guid":{"rendered":"http:\/\/www.esg.pt\/ciesg\/?page_id=10"},"modified":"2020-12-15T10:36:33","modified_gmt":"2020-12-15T10:36:33","slug":"urbanismo-e-planeamento","status":"publish","type":"page","link":"https:\/\/www.esg.pt\/ciesg\/urbanismo-e-planeamento\/","title":{"rendered":"Urbanismo e Planeamento"},"content":{"rendered":"<div class=\"row\">\n<div class=\"col-md-6\">\nA linha de investiga\u00e7\u00e3o em Urbanismo e Planeamento do Ci-ESG aborda o desenvolvimento a partir das cidades e do ordenamento do territ\u00f3rio. Enquadra a quest\u00e3o da sustentabilidade numa perspectiva integrada, atrav\u00e9s de solu\u00e7\u00f5es para os desafios socioecon\u00f3micos, ambientais e de governa\u00e7\u00e3o, que enfrentamos actualmente.<\/p>\n<p>Os principais trabalhos que nos \u00faltimos anos temos desenvolvido nesta Linha de Investiga\u00e7\u00e3o s\u00e3o:<\/p>\n<img class=\"img-responsive\" src=\"https:\/\/esg.pt\/ciesg\/assets\/uploads\/2020\/12\/1.jpg\" alt=\"\" \/>\n<p>Proposta para a renova\u00e7\u00e3o urbana da <strong>Horta Navia, Esta\u00e7\u00e3o de Alc\u00e2ntara-Terra<\/strong> e \u00e1rea envolvente, a pedido da empresa Infraestruturas de Portugal, publicada em 2020.<\/p>\n<p><a href=\"https:\/\/www.fundacaoserrahenriques.org\/horta-navia\/\">Mais informa\u00e7\u00e3o<\/a><br \/>\n<a href=\"https:\/\/esg.pt\/ciesg\/assets\/\/uploads\/2020\/12\/a-renovacao-da-estacao-de-alcantara-terra.pdf\">A renova\u00e7\u00e3o da Esta\u00e7\u00e3o de Alc\u00e2ntara Terra (pdf)<\/a> <\/p>\n<p>Este projeto foi coordenado por Rui Florentino (Investigador Respons\u00e1vel), com a participa\u00e7\u00e3o dos Professores Daniel Casas-Valle, Monica \u00c1lcindor e Ana Lima e dos estudantes do 4\u00ba ano do Mestrado Integrado em Arquitectura e Urbanismo da ESG, em 2019\u201320. O projeto contou ainda com a participa\u00e7\u00e3o de Professores Convidados, os Arquitectos Jos\u00e9 Baganha (Portugal), Lucien Steil (Luxemburgo), Frank Mart\u00ednez (Estados Unidos da Am\u00e9rica) e Alejandro Garc\u00eda Hermida (Espanha). Os seus resultados foram publicados com o apoio da Funda\u00e7\u00e3o Serra Henriques e a sess\u00e3o p\u00fablica de apresenta\u00e7\u00e3o dos trabalhos teve lugar na Esta\u00e7\u00e3o do Rossio em Lisboa, no dia 13 de Novembro de 2020.<\/p>\n<hr \/>\n<img class=\"img-responsive\" src=\"https:\/\/esg.pt\/ciesg\/assets\/uploads\/2020\/12\/2.jpg\" alt=\"\" \/>\n<p>S\u00e9rie de webinars <strong>\u201cThe Future Design of Streets\u201d<\/strong>, organiza\u00e7\u00e3o partilhada entre a Escola Superior Gallaecia, a Faculdade de Arquitectura da Universidade do Porto e a Escola de Arquitectura da Universidade do Minho, em 2020.<\/p>\n<p><a href=\"https:\/\/thefuturedesignofstreets.eu\/\">Mais informa\u00e7\u00e3o<\/a><\/p>\n<hr \/>\n<img class=\"img-responsive\" src=\"https:\/\/esg.pt\/ciesg\/assets\/uploads\/2020\/12\/3.jpg\" alt=\"\" \/>\n<p>Colabora\u00e7\u00e3o na prepara\u00e7\u00e3o do curso de <strong>P\u00f3s-Gradua\u00e7\u00e3o de Planeamento da Mobilidade Urbana Sustent\u00e1vel<\/strong>, com o Instituto de Cidades e Vilas de Excel\u00eancia, em 2019 e 2020.<\/p>\n<p><a href=\"https:\/\/esg.pt\/mobilidade-urbana-sustentavel\/\">Mais informa\u00e7\u00e3o<\/a><\/p>\n<hr \/>\n<img class=\"img-responsive\" src=\"https:\/\/esg.pt\/ciesg\/assets\/uploads\/2020\/12\/4.jpg\" alt=\"\" \/>\n<p>Participa\u00e7\u00e3o nos cursos internacionais de ver\u00e3o do <strong>Pr\u00e9mio Rafael Manzano<\/strong>, em Navarra (2017), Marv\u00e3o (2018), Cant\u00e1bria (2019) e prepara\u00e7\u00e3o do pr\u00f3ximo, que decorrer\u00e1 na ilha do Pico, nos A\u00e7ores (2021).<\/p>\n<p><a href=\"https:\/\/summerschool.premiorafaelmanzano.com\/\">Mais informa\u00e7\u00e3o<\/a><\/p>\n<hr \/>\n<img class=\"img-responsive\" src=\"https:\/\/esg.pt\/ciesg\/assets\/uploads\/2020\/12\/5.jpg\" alt=\"\" \/>\n<p>Submiss\u00e3o do projecto de investiga\u00e7\u00e3o SIZA\/CPT\/0042\/2019, <strong>\u201cUrbanSiza &#8211; o legado urban\u00edstico de \u00c1lvaro Siza\u201d<\/strong>, em 2019, a aguardar avalia\u00e7\u00e3o por parte da FCT e Funda\u00e7\u00e3o de Serralves.<\/p>\n<hr \/>\n<img class=\"img-responsive\" src=\"https:\/\/esg.pt\/ciesg\/assets\/uploads\/2020\/12\/6.png\" alt=\"\" \/>\n<p>Organiza\u00e7\u00e3o do <strong>1\u00ba Encontro Ib\u00e9rico da rede INTBAU<\/strong>, em Vila Nova de Cerveira, sob o t\u00edtulo <strong>\u201cTradi\u00e7\u00f5es Urbanas\u201d<\/strong>, em 2016, e participa\u00e7\u00e3o nas mesas de debate do 2\u00ba Encontro, realizado em Bilbao, em 2018.<\/p>\n<p><a href=\"https:\/\/www.esg.pt\/intbau2016\/\">Mais informa\u00e7\u00e3o<\/a><\/p>\n<\/div>\n<div class=\"col-md-6\">\nIR: Rui Florentino<\/p>\n<h3>Campos de Estudo \/ Fields of Study<\/h3>\n<ul>\n<li>Avalia\u00e7\u00e3o Ambiental e Paisag\u00edstica<\/li>\n<li>Pol\u00edticas Urbanas<\/li>\n<li>Mobilidade e Desenho Urbano<\/li>\n<li>Observat\u00f3rio do Noroeste Ib\u00e9rico<\/li>\n<\/ul>\n<h3>Projetos<\/h3>\n<ul>\n<li><a href=\"https:\/\/www.esg.pt\/3dpast\/\">3D Past, Living &amp; virtual visiting European World Heritage<\/a><\/li>\n<\/ul>\n<\/div>\n<\/div>\n","protected":false},"excerpt":{"rendered":"","protected":false},"author":1,"featured_media":0,"parent":0,"menu_order":0,"comment_status":"closed","ping_status":"closed","template":"","meta":[],"_links":{"self":[{"href":"https:\/\/www.esg.pt\/ciesg\/wp-json\/wp\/v2\/pages\/10"}],"collection":[{"href":"https:\/\/www.esg.pt\/ciesg\/wp-json\/wp\/v2\/pages"}],"about":[{"href":"https:\/\/www.esg.pt\/ciesg\/wp-json\/wp\/v2\/types\/page"}],"author":[{"embeddable":true,"href":"https:\/\/www.esg.pt\/ciesg\/wp-json\/wp\/v2\/users\/1"}],"replies":[{"embeddable":true,"href":"https:\/\/www.esg.pt\/ciesg\/wp-json\/wp\/v2\/comments?post=10"}],"version-history":[{"count":18,"href":"https:\/\/www.esg.pt\/ciesg\/wp-json\/wp\/v2\/pages\/10\/revisions"}],"predecessor-version":[{"id":408,"href":"https:\/\/www.esg.pt\/ciesg\/wp-json\/wp\/v2\/pages\/10\/revisions\/408"}],"wp:attachment":[{"href":"https:\/\/www.esg.pt\/ciesg\/wp-json\/wp\/v2\/media?parent=10"}],"curies":[{"name":"wp","href":"https:\/\/api.w.org\/{rel}","templated":true}]}}